{"id":43,"date":"2022-01-03T12:09:49","date_gmt":"2022-01-03T11:09:49","guid":{"rendered":"https:\/\/serwer1886460.home.pl\/autoinstalator\/wordpressplugins\/?page_id=43"},"modified":"2026-01-19T21:34:32","modified_gmt":"2026-01-19T20:34:32","slug":"kadra","status":"publish","type":"page","link":"https:\/\/sloneczkobb.pl\/index.php\/kadra\/","title":{"rendered":"Kadra"},"content":{"rendered":"<style type=\"text\/css\"><\/style>\n<div class=\"wp-block-columns is-layout-flex wp-container-core-columns-is-layout-9d6595d7 wp-block-columns-is-layout-flex\">\n<div class=\"wp-block-column is-layout-flow wp-block-column-is-layout-flow\" style=\"flex-basis:100%\">\n<div class=\"wp-block-columns is-layout-flex wp-container-core-columns-is-layout-9d6595d7 wp-block-columns-is-layout-flex\">\n<div class=\"wp-block-column is-layout-flow wp-block-column-is-layout-flow\" style=\"flex-basis:100%\">\n<figure class=\"wp-block-image size-full is-resized\"><img fetchpriority=\"high\" decoding=\"async\" width=\"2000\" height=\"1600\" src=\"https:\/\/sloneczkobb.pl\/wp-content\/uploads\/2025\/09\/1000046532.png\" alt=\"\" class=\"wp-image-917\" style=\"width:928px;height:auto\" srcset=\"https:\/\/sloneczkobb.pl\/wp-content\/uploads\/2025\/09\/1000046532.png 2000w, https:\/\/sloneczkobb.pl\/wp-content\/uploads\/2025\/09\/1000046532-300x240.png 300w, https:\/\/sloneczkobb.pl\/wp-content\/uploads\/2025\/09\/1000046532-1024x819.png 1024w\" sizes=\"(max-width: 2000px) 100vw, 2000px\" \/><\/figure>\n<\/div>\n<\/div>\n<\/div>\n<\/div>\n\n\n\n<ol class=\"wp-block-list\"><\/ol>\n\n\n\n<div class=\"wp-block-columns is-layout-flex wp-container-core-columns-is-layout-9d6595d7 wp-block-columns-is-layout-flex\">\n<div class=\"wp-block-column is-layout-flow wp-block-column-is-layout-flow\" style=\"flex-basis:100%\">\n<div class=\"wp-block-columns is-layout-flex wp-container-core-columns-is-layout-9d6595d7 wp-block-columns-is-layout-flex\">\n<div class=\"wp-block-column is-layout-flow wp-block-column-is-layout-flow\" style=\"flex-basis:100%\">\n<figure class=\"wp-block-image size-large is-resized\"><img decoding=\"async\" width=\"1024\" height=\"819\" src=\"https:\/\/sloneczkobb.pl\/wp-content\/uploads\/2026\/01\/1_20260119_212056_0000-1024x819.png\" alt=\"\" class=\"wp-image-953\" style=\"width:1190px;height:auto\" srcset=\"https:\/\/sloneczkobb.pl\/wp-content\/uploads\/2026\/01\/1_20260119_212056_0000-1024x819.png 1024w, https:\/\/sloneczkobb.pl\/wp-content\/uploads\/2026\/01\/1_20260119_212056_0000-300x240.png 300w, https:\/\/sloneczkobb.pl\/wp-content\/uploads\/2026\/01\/1_20260119_212056_0000-768x614.png 768w, https:\/\/sloneczkobb.pl\/wp-content\/uploads\/2026\/01\/1_20260119_212056_0000-1536x1229.png 1536w, https:\/\/sloneczkobb.pl\/wp-content\/uploads\/2026\/01\/1_20260119_212056_0000-580x464.png 580w, https:\/\/sloneczkobb.pl\/wp-content\/uploads\/2026\/01\/1_20260119_212056_0000-860x688.png 860w, https:\/\/sloneczkobb.pl\/wp-content\/uploads\/2026\/01\/1_20260119_212056_0000-1160x928.png 1160w, https:\/\/sloneczkobb.pl\/wp-content\/uploads\/2026\/01\/1_20260119_212056_0000-24x19.png 24w, https:\/\/sloneczkobb.pl\/wp-content\/uploads\/2026\/01\/1_20260119_212056_0000-36x29.png 36w, https:\/\/sloneczkobb.pl\/wp-content\/uploads\/2026\/01\/1_20260119_212056_0000-48x38.png 48w, https:\/\/sloneczkobb.pl\/wp-content\/uploads\/2026\/01\/1_20260119_212056_0000.png 2000w\" sizes=\"(max-width: 1024px) 100vw, 1024px\" \/><\/figure>\n<\/div>\n<\/div>\n<\/div>\n<\/div>\n\n\n\n<div class=\"wp-block-columns is-layout-flex wp-container-core-columns-is-layout-9d6595d7 wp-block-columns-is-layout-flex\">\n<div class=\"wp-block-column is-layout-flow wp-block-column-is-layout-flow\" style=\"flex-basis:100%\">\n<figure class=\"wp-block-image size-large\"><img decoding=\"async\" width=\"1024\" height=\"819\" src=\"https:\/\/sloneczkobb.pl\/wp-content\/uploads\/2025\/08\/2_20250828_205330_0001-1-1024x819.png\" alt=\"\" class=\"wp-image-870\" srcset=\"https:\/\/sloneczkobb.pl\/wp-content\/uploads\/2025\/08\/2_20250828_205330_0001-1-1024x819.png 1024w, https:\/\/sloneczkobb.pl\/wp-content\/uploads\/2025\/08\/2_20250828_205330_0001-1-300x240.png 300w, https:\/\/sloneczkobb.pl\/wp-content\/uploads\/2025\/08\/2_20250828_205330_0001-1-768x614.png 768w, https:\/\/sloneczkobb.pl\/wp-content\/uploads\/2025\/08\/2_20250828_205330_0001-1.png 2000w\" sizes=\"(max-width: 1024px) 100vw, 1024px\" \/><\/figure>\n<\/div>\n<\/div>\n\n\n\n<div class=\"wp-block-columns is-layout-flex wp-container-core-columns-is-layout-9d6595d7 wp-block-columns-is-layout-flex\">\n<div class=\"wp-block-column is-layout-flow wp-block-column-is-layout-flow\" style=\"flex-basis:100%\">\n<div class=\"wp-block-columns is-layout-flex wp-container-core-columns-is-layout-9d6595d7 wp-block-columns-is-layout-flex\">\n<div class=\"wp-block-column is-layout-flow wp-block-column-is-layout-flow\" style=\"flex-basis:100%\">\n<figure class=\"wp-block-image size-large is-resized\"><img loading=\"lazy\" decoding=\"async\" width=\"1024\" height=\"819\" src=\"https:\/\/sloneczkobb.pl\/wp-content\/uploads\/2025\/03\/3-1-1024x819.png\" alt=\"\" class=\"wp-image-721\" style=\"width:1189px;height:auto\" srcset=\"https:\/\/sloneczkobb.pl\/wp-content\/uploads\/2025\/03\/3-1-1024x819.png 1024w, https:\/\/sloneczkobb.pl\/wp-content\/uploads\/2025\/03\/3-1-300x240.png 300w, https:\/\/sloneczkobb.pl\/wp-content\/uploads\/2025\/03\/3-1-768x614.png 768w, https:\/\/sloneczkobb.pl\/wp-content\/uploads\/2025\/03\/3-1-1536x1229.png 1536w, https:\/\/sloneczkobb.pl\/wp-content\/uploads\/2025\/03\/3-1-580x464.png 580w, https:\/\/sloneczkobb.pl\/wp-content\/uploads\/2025\/03\/3-1-860x688.png 860w, https:\/\/sloneczkobb.pl\/wp-content\/uploads\/2025\/03\/3-1-1160x928.png 1160w, https:\/\/sloneczkobb.pl\/wp-content\/uploads\/2025\/03\/3-1.png 2000w\" sizes=\"(max-width: 1024px) 100vw, 1024px\" \/><\/figure>\n<\/div>\n<\/div>\n<\/div>\n<\/div>\n","protected":false},"excerpt":{"rendered":"","protected":false},"author":1,"featured_media":715,"parent":0,"menu_order":0,"comment_status":"closed","ping_status":"closed","template":"","meta":{"_monsterinsights_skip_tracking":false,"_monsterinsights_sitenote_active":false,"_monsterinsights_sitenote_note":"","_monsterinsights_sitenote_category":0,"footnotes":""},"class_list":["post-43","page","type-page","status-publish","has-post-thumbnail","hentry"],"yoast_head":"<!-- This site is optimized with the Yoast SEO plugin v23.1 - https:\/\/yoast.com\/wordpress\/plugins\/seo\/ -->\n<title>Kadra - Niepubliczne Przedszkole S\u0142oneczko<\/title>\n<meta name=\"robots\" content=\"index, follow, max-snippet:-1, max-image-preview:large, max-video-preview:-1\" \/>\n<link rel=\"canonical\" href=\"https:\/\/sloneczkobb.pl\/index.php\/kadra\/\" \/>\n<meta property=\"og:locale\" content=\"pl_PL\" \/>\n<meta property=\"og:type\" content=\"article\" \/>\n<meta property=\"og:title\" content=\"Kadra - Niepubliczne Przedszkole S\u0142oneczko\" \/>\n<meta property=\"og:url\" content=\"https:\/\/sloneczkobb.pl\/index.php\/kadra\/\" \/>\n<meta property=\"og:site_name\" content=\"Niepubliczne Przedszkole S\u0142oneczko\" \/>\n<meta property=\"article:modified_time\" content=\"2026-01-19T20:34:32+00:00\" \/>\n<meta property=\"og:image\" content=\"https:\/\/sloneczkobb.pl\/wp-content\/uploads\/2025\/03\/4.png\" \/>\n\t<meta property=\"og:image:width\" content=\"2000\" \/>\n\t<meta property=\"og:image:height\" content=\"1600\" \/>\n\t<meta property=\"og:image:type\" content=\"image\/png\" \/>\n<meta name=\"twitter:card\" content=\"summary_large_image\" \/>\n<meta name=\"twitter:label1\" content=\"Szacowany czas czytania\" \/>\n\t<meta name=\"twitter:data1\" content=\"1 minuta\" \/>\n<script type=\"application\/ld+json\" class=\"yoast-schema-graph\">{\"@context\":\"https:\/\/schema.org\",\"@graph\":[{\"@type\":\"WebPage\",\"@id\":\"https:\/\/sloneczkobb.pl\/index.php\/kadra\/\",\"url\":\"https:\/\/sloneczkobb.pl\/index.php\/kadra\/\",\"name\":\"Kadra - Niepubliczne Przedszkole S\u0142oneczko\",\"isPartOf\":{\"@id\":\"https:\/\/sloneczkobb.pl\/#website\"},\"primaryImageOfPage\":{\"@id\":\"https:\/\/sloneczkobb.pl\/index.php\/kadra\/#primaryimage\"},\"image\":{\"@id\":\"https:\/\/sloneczkobb.pl\/index.php\/kadra\/#primaryimage\"},\"thumbnailUrl\":\"https:\/\/sloneczkobb.pl\/wp-content\/uploads\/2025\/03\/4.png\",\"datePublished\":\"2022-01-03T11:09:49+00:00\",\"dateModified\":\"2026-01-19T20:34:32+00:00\",\"breadcrumb\":{\"@id\":\"https:\/\/sloneczkobb.pl\/index.php\/kadra\/#breadcrumb\"},\"inLanguage\":\"pl-PL\",\"potentialAction\":[{\"@type\":\"ReadAction\",\"target\":[\"https:\/\/sloneczkobb.pl\/index.php\/kadra\/\"]}]},{\"@type\":\"ImageObject\",\"inLanguage\":\"pl-PL\",\"@id\":\"https:\/\/sloneczkobb.pl\/index.php\/kadra\/#primaryimage\",\"url\":\"https:\/\/sloneczkobb.pl\/wp-content\/uploads\/2025\/03\/4.png\",\"contentUrl\":\"https:\/\/sloneczkobb.pl\/wp-content\/uploads\/2025\/03\/4.png\",\"width\":2000,\"height\":1600},{\"@type\":\"BreadcrumbList\",\"@id\":\"https:\/\/sloneczkobb.pl\/index.php\/kadra\/#breadcrumb\",\"itemListElement\":[{\"@type\":\"ListItem\",\"position\":1,\"name\":\"Start\",\"item\":\"https:\/\/sloneczkobb.pl\/\"},{\"@type\":\"ListItem\",\"position\":2,\"name\":\"Kadra\"}]},{\"@type\":\"WebSite\",\"@id\":\"https:\/\/sloneczkobb.pl\/#website\",\"url\":\"https:\/\/sloneczkobb.pl\/\",\"name\":\"Niepubliczne Przedszkole S\u0142oneczko\",\"description\":\"S\u0142oneczko \u015bwieci dla ma\u0142ych dzieci\",\"potentialAction\":[{\"@type\":\"SearchAction\",\"target\":{\"@type\":\"EntryPoint\",\"urlTemplate\":\"https:\/\/sloneczkobb.pl\/?s={search_term_string}\"},\"query-input\":\"required name=search_term_string\"}],\"inLanguage\":\"pl-PL\"}]}<\/script>\n<!-- \/ Yoast SEO plugin. -->","yoast_head_json":{"title":"Kadra - Niepubliczne Przedszkole S\u0142oneczko","robots":{"index":"index","follow":"follow","max-snippet":"max-snippet:-1","max-image-preview":"max-image-preview:large","max-video-preview":"max-video-preview:-1"},"canonical":"https:\/\/sloneczkobb.pl\/index.php\/kadra\/","og_locale":"pl_PL","og_type":"article","og_title":"Kadra - Niepubliczne Przedszkole S\u0142oneczko","og_url":"https:\/\/sloneczkobb.pl\/index.php\/kadra\/","og_site_name":"Niepubliczne Przedszkole S\u0142oneczko","article_modified_time":"2026-01-19T20:34:32+00:00","og_image":[{"width":2000,"height":1600,"url":"https:\/\/sloneczkobb.pl\/wp-content\/uploads\/2025\/03\/4.png","type":"image\/png"}],"twitter_card":"summary_large_image","twitter_misc":{"Szacowany czas czytania":"1 minuta"},"schema":{"@context":"https:\/\/schema.org","@graph":[{"@type":"WebPage","@id":"https:\/\/sloneczkobb.pl\/index.php\/kadra\/","url":"https:\/\/sloneczkobb.pl\/index.php\/kadra\/","name":"Kadra - Niepubliczne Przedszkole S\u0142oneczko","isPartOf":{"@id":"https:\/\/sloneczkobb.pl\/#website"},"primaryImageOfPage":{"@id":"https:\/\/sloneczkobb.pl\/index.php\/kadra\/#primaryimage"},"image":{"@id":"https:\/\/sloneczkobb.pl\/index.php\/kadra\/#primaryimage"},"thumbnailUrl":"https:\/\/sloneczkobb.pl\/wp-content\/uploads\/2025\/03\/4.png","datePublished":"2022-01-03T11:09:49+00:00","dateModified":"2026-01-19T20:34:32+00:00","breadcrumb":{"@id":"https:\/\/sloneczkobb.pl\/index.php\/kadra\/#breadcrumb"},"inLanguage":"pl-PL","potentialAction":[{"@type":"ReadAction","target":["https:\/\/sloneczkobb.pl\/index.php\/kadra\/"]}]},{"@type":"ImageObject","inLanguage":"pl-PL","@id":"https:\/\/sloneczkobb.pl\/index.php\/kadra\/#primaryimage","url":"https:\/\/sloneczkobb.pl\/wp-content\/uploads\/2025\/03\/4.png","contentUrl":"https:\/\/sloneczkobb.pl\/wp-content\/uploads\/2025\/03\/4.png","width":2000,"height":1600},{"@type":"BreadcrumbList","@id":"https:\/\/sloneczkobb.pl\/index.php\/kadra\/#breadcrumb","itemListElement":[{"@type":"ListItem","position":1,"name":"Start","item":"https:\/\/sloneczkobb.pl\/"},{"@type":"ListItem","position":2,"name":"Kadra"}]},{"@type":"WebSite","@id":"https:\/\/sloneczkobb.pl\/#website","url":"https:\/\/sloneczkobb.pl\/","name":"Niepubliczne Przedszkole S\u0142oneczko","description":"S\u0142oneczko \u015bwieci dla ma\u0142ych dzieci","potentialAction":[{"@type":"SearchAction","target":{"@type":"EntryPoint","urlTemplate":"https:\/\/sloneczkobb.pl\/?s={search_term_string}"},"query-input":"required name=search_term_string"}],"inLanguage":"pl-PL"}]}},"_links":{"self":[{"href":"https:\/\/sloneczkobb.pl\/index.php\/wp-json\/wp\/v2\/pages\/43","targetHints":{"allow":["GET"]}}],"collection":[{"href":"https:\/\/sloneczkobb.pl\/index.php\/wp-json\/wp\/v2\/pages"}],"about":[{"href":"https:\/\/sloneczkobb.pl\/index.php\/wp-json\/wp\/v2\/types\/page"}],"author":[{"embeddable":true,"href":"https:\/\/sloneczkobb.pl\/index.php\/wp-json\/wp\/v2\/users\/1"}],"replies":[{"embeddable":true,"href":"https:\/\/sloneczkobb.pl\/index.php\/wp-json\/wp\/v2\/comments?post=43"}],"version-history":[{"count":20,"href":"https:\/\/sloneczkobb.pl\/index.php\/wp-json\/wp\/v2\/pages\/43\/revisions"}],"predecessor-version":[{"id":955,"href":"https:\/\/sloneczkobb.pl\/index.php\/wp-json\/wp\/v2\/pages\/43\/revisions\/955"}],"wp:featuredmedia":[{"embeddable":true,"href":"https:\/\/sloneczkobb.pl\/index.php\/wp-json\/wp\/v2\/media\/715"}],"wp:attachment":[{"href":"https:\/\/sloneczkobb.pl\/index.php\/wp-json\/wp\/v2\/media?parent=43"}],"curies":[{"name":"wp","href":"https:\/\/api.w.org\/{rel}","templated":true}]}}