{"id":47,"date":"2022-01-03T12:11:29","date_gmt":"2022-01-03T11:11:29","guid":{"rendered":"https:\/\/serwer1886460.home.pl\/autoinstalator\/wordpressplugins\/?page_id=47"},"modified":"2026-02-27T10:29:12","modified_gmt":"2026-02-27T09:29:12","slug":"nabor-na-rok-szkolny-2025-2026","status":"publish","type":"page","link":"https:\/\/sloneczkobb.pl\/index.php\/nabor-na-rok-szkolny-2025-2026\/","title":{"rendered":"NAB\u00d3R"},"content":{"rendered":"<style type=\"text\/css\"><\/style>\n<p><strong>Harmonogram rekrutacji na rok szkolny 2026\/2027<\/strong><\/p>\n\n\n\n<p>do Niepublicznego Przedszkola \u201eS\u0141ONECZKO\u201d z\u00a0\u00a0 Oddzia\u0142ami Integracyjnymi przy Towarzystwie Przyjaci\u00f3\u0142 Dzieci w Bielsku Bia\u0142ej.<\/p>\n\n\n\n<p>1.&nbsp;&nbsp;&nbsp;&nbsp;&nbsp; <strong>02<\/strong><strong>-02-2026r<\/strong>.&nbsp; &#8211; podanie do publicznej wiadomo\u015bci harmonogramu czynno\u015bci rekrutacyjnych.<\/p>\n\n\n\n<p>2.&nbsp;&nbsp;&nbsp;&nbsp;&nbsp; <strong>09-02 do 26-02-2026r.<\/strong>&nbsp;&nbsp; &#8211; sk\u0142adanie u wychowawcy grupy \u201eDeklaracji o kontynuowaniu wychowania przedszkolnego\u201d przez dzieci ju\u017c ucz\u0119szczaj\u0105ce do przedszkola<\/p>\n\n\n\n<p>3.\u00a0\u00a0\u00a0\u00a0\u00a0 <strong>27.02.2026r<\/strong>.  -podanie do publicznej wiadomo\u015bci liczby wolnych miejsc na r. szk. 2026\/2027.<\/p>\n\n\n\n<p>4. <strong>\u00a0\u00a0\u00a0\u00a0 02.03 do 13-03-2026r.<\/strong>\u00a0\u00a0\u00a0 &#8211; sk\u0142adanie w sekretariacie przedszkola\u00a0\u00a0 \u201eKart zg\u0142oszenia dziecka do przedszkola\u201d<\/p>\n\n\n\n<p>5.&nbsp;&nbsp;&nbsp;&nbsp;&nbsp; <strong>16-03 do 17-03-2026r.<\/strong>&nbsp;&nbsp;&nbsp; &#8211; weryfikacja \u201eKart zg\u0142oszenia dziecka do przedszkola\u201d i do\u0142\u0105czonych dokument\u00f3w.<\/p>\n\n\n\n<p>6. &nbsp;&nbsp;&nbsp;&nbsp; <strong>18<\/strong><strong>-03-2026r.<\/strong> &nbsp; &#8211; podanie do publicznej wiadomo\u015bci listy dzieci przyj\u0119tych i nieprzyj\u0119tych pozostaj\u0105cych na li\u015bcie rezerwowej \u2013 informacja pod nr telefonu 519-800-292 w godzinach 9:00 do 15:00.<\/p>\n\n\n\n<p>7.&nbsp;&nbsp;&nbsp;&nbsp;&nbsp; <strong>20-03 do 29-03-2026r.<\/strong> &nbsp;&nbsp; &#8211; potwierdzenie woli korzystania z us\u0142ug plac\u00f3wki poprzez <strong>wp\u0142at\u0119 200,00 z\u0142<\/strong> na rzecz potrzeb dziecka &#8211; jest to wp\u0142ata na planowan\u0105 \u201e<strong>Wyprawk\u0119 przedszkolaka<\/strong>\u201d.<\/p>\n\n\n\n<p>8. &nbsp;&nbsp;&nbsp;&nbsp; W razie wolnych miejsc dzieci przyjmowane s\u0105 wg. kolejno\u015bci zg\u0142osze\u0144.<\/p>\n\n\n\n<p><strong>Wolne miejsca na rok szkolny 2026\/2027: <\/strong><\/p>\n\n\n\n<p>Dzieci 2,5 &#8211; 3 letnie &#8211; 10 miejsc<\/p>\n\n\n\n<p>Dzieci 5 letnie &#8211; 10 mejsc<\/p>\n\n\n\n<p>Dzieci 6 letnie &#8211; 10 miejsc<\/p>\n\n\n\n<p><a href=\"https:\/\/sloneczkobb.pl\/wp-content\/uploads\/2026\/02\/2026_2027-KARTA-zgloszenia-1.pdf\"><mark style=\"background-color:#ffffff;color:#f60828\" class=\"has-inline-color\">Karta Zg\u0142oszenia 2026\/2027 <\/mark><\/a><\/p>\n\n\n\n<div class=\"wp-block-columns is-layout-flex wp-container-core-columns-is-layout-9d6595d7 wp-block-columns-is-layout-flex\">\n<div class=\"wp-block-column has-large-font-size is-layout-flow wp-block-column-is-layout-flow\" style=\"flex-basis:100%\">\n<figure class=\"wp-block-gallery has-nested-images columns-default is-cropped wp-block-gallery-1 is-layout-flex wp-block-gallery-is-layout-flex\"><\/figure>\n<\/div>\n<\/div>\n\n\n\n<p class=\"has-color-4-color has-color-4-background-color has-text-color has-background has-link-color wp-elements-edadb459fb6d1af652c0f0db50e62b77\"><\/p>\n\n\n\n<p><\/p>\n","protected":false},"excerpt":{"rendered":"<p>Harmonogram rekrutacji na rok szkolny 2026\/2027 do Niepublicznego Przedszkola \u201eS\u0141ONECZKO\u201d z\u00a0\u00a0 Oddzia\u0142ami Integracyjnymi przy Towarzystwie Przyjaci\u00f3\u0142 Dzieci w Bielsku Bia\u0142ej. 1.&nbsp;&nbsp;&nbsp;&nbsp;&nbsp; 02-02-2026r.&nbsp; &#8211; podanie do publicznej wiadomo\u015bci harmonogramu czynno\u015bci rekrutacyjnych&#8230;.<\/p>\n","protected":false},"author":1,"featured_media":0,"parent":0,"menu_order":0,"comment_status":"closed","ping_status":"closed","template":"","meta":{"_monsterinsights_skip_tracking":false,"_monsterinsights_sitenote_active":false,"_monsterinsights_sitenote_note":"","_monsterinsights_sitenote_category":0,"footnotes":""},"class_list":["post-47","page","type-page","status-publish","hentry"],"yoast_head":"<!-- This site is optimized with the Yoast SEO plugin v23.1 - https:\/\/yoast.com\/wordpress\/plugins\/seo\/ -->\n<title>NAB\u00d3R - Niepubliczne Przedszkole S\u0142oneczko<\/title>\n<meta name=\"robots\" content=\"index, follow, max-snippet:-1, max-image-preview:large, max-video-preview:-1\" \/>\n<link rel=\"canonical\" href=\"https:\/\/sloneczkobb.pl\/index.php\/nabor-na-rok-szkolny-2025-2026\/\" \/>\n<meta property=\"og:locale\" content=\"pl_PL\" \/>\n<meta property=\"og:type\" content=\"article\" \/>\n<meta property=\"og:title\" content=\"NAB\u00d3R - Niepubliczne Przedszkole S\u0142oneczko\" \/>\n<meta property=\"og:description\" content=\"Harmonogram rekrutacji na rok szkolny 2026\/2027 do Niepublicznego Przedszkola \u201eS\u0141ONECZKO\u201d z\u00a0\u00a0 Oddzia\u0142ami Integracyjnymi przy Towarzystwie Przyjaci\u00f3\u0142 Dzieci w Bielsku Bia\u0142ej. 1.&nbsp;&nbsp;&nbsp;&nbsp;&nbsp; 02-02-2026r.&nbsp; &#8211; podanie do publicznej wiadomo\u015bci harmonogramu czynno\u015bci rekrutacyjnych....\" \/>\n<meta property=\"og:url\" content=\"https:\/\/sloneczkobb.pl\/index.php\/nabor-na-rok-szkolny-2025-2026\/\" \/>\n<meta property=\"og:site_name\" content=\"Niepubliczne Przedszkole S\u0142oneczko\" \/>\n<meta property=\"article:modified_time\" content=\"2026-02-27T09:29:12+00:00\" \/>\n<meta name=\"twitter:card\" content=\"summary_large_image\" \/>\n<meta name=\"twitter:label1\" content=\"Szacowany czas czytania\" \/>\n\t<meta name=\"twitter:data1\" content=\"2 minuty\" \/>\n<script type=\"application\/ld+json\" class=\"yoast-schema-graph\">{\"@context\":\"https:\/\/schema.org\",\"@graph\":[{\"@type\":\"WebPage\",\"@id\":\"https:\/\/sloneczkobb.pl\/index.php\/nabor-na-rok-szkolny-2025-2026\/\",\"url\":\"https:\/\/sloneczkobb.pl\/index.php\/nabor-na-rok-szkolny-2025-2026\/\",\"name\":\"NAB\u00d3R - Niepubliczne Przedszkole S\u0142oneczko\",\"isPartOf\":{\"@id\":\"https:\/\/sloneczkobb.pl\/#website\"},\"datePublished\":\"2022-01-03T11:11:29+00:00\",\"dateModified\":\"2026-02-27T09:29:12+00:00\",\"breadcrumb\":{\"@id\":\"https:\/\/sloneczkobb.pl\/index.php\/nabor-na-rok-szkolny-2025-2026\/#breadcrumb\"},\"inLanguage\":\"pl-PL\",\"potentialAction\":[{\"@type\":\"ReadAction\",\"target\":[\"https:\/\/sloneczkobb.pl\/index.php\/nabor-na-rok-szkolny-2025-2026\/\"]}]},{\"@type\":\"BreadcrumbList\",\"@id\":\"https:\/\/sloneczkobb.pl\/index.php\/nabor-na-rok-szkolny-2025-2026\/#breadcrumb\",\"itemListElement\":[{\"@type\":\"ListItem\",\"position\":1,\"name\":\"Start\",\"item\":\"https:\/\/sloneczkobb.pl\/\"},{\"@type\":\"ListItem\",\"position\":2,\"name\":\"NAB\u00d3R\"}]},{\"@type\":\"WebSite\",\"@id\":\"https:\/\/sloneczkobb.pl\/#website\",\"url\":\"https:\/\/sloneczkobb.pl\/\",\"name\":\"Niepubliczne Przedszkole S\u0142oneczko\",\"description\":\"S\u0142oneczko \u015bwieci dla ma\u0142ych dzieci\",\"potentialAction\":[{\"@type\":\"SearchAction\",\"target\":{\"@type\":\"EntryPoint\",\"urlTemplate\":\"https:\/\/sloneczkobb.pl\/?s={search_term_string}\"},\"query-input\":\"required name=search_term_string\"}],\"inLanguage\":\"pl-PL\"}]}<\/script>\n<!-- \/ Yoast SEO plugin. -->","yoast_head_json":{"title":"NAB\u00d3R - Niepubliczne Przedszkole S\u0142oneczko","robots":{"index":"index","follow":"follow","max-snippet":"max-snippet:-1","max-image-preview":"max-image-preview:large","max-video-preview":"max-video-preview:-1"},"canonical":"https:\/\/sloneczkobb.pl\/index.php\/nabor-na-rok-szkolny-2025-2026\/","og_locale":"pl_PL","og_type":"article","og_title":"NAB\u00d3R - Niepubliczne Przedszkole S\u0142oneczko","og_description":"Harmonogram rekrutacji na rok szkolny 2026\/2027 do Niepublicznego Przedszkola \u201eS\u0141ONECZKO\u201d z\u00a0\u00a0 Oddzia\u0142ami Integracyjnymi przy Towarzystwie Przyjaci\u00f3\u0142 Dzieci w Bielsku Bia\u0142ej. 1.&nbsp;&nbsp;&nbsp;&nbsp;&nbsp; 02-02-2026r.&nbsp; &#8211; podanie do publicznej wiadomo\u015bci harmonogramu czynno\u015bci rekrutacyjnych....","og_url":"https:\/\/sloneczkobb.pl\/index.php\/nabor-na-rok-szkolny-2025-2026\/","og_site_name":"Niepubliczne Przedszkole S\u0142oneczko","article_modified_time":"2026-02-27T09:29:12+00:00","twitter_card":"summary_large_image","twitter_misc":{"Szacowany czas czytania":"2 minuty"},"schema":{"@context":"https:\/\/schema.org","@graph":[{"@type":"WebPage","@id":"https:\/\/sloneczkobb.pl\/index.php\/nabor-na-rok-szkolny-2025-2026\/","url":"https:\/\/sloneczkobb.pl\/index.php\/nabor-na-rok-szkolny-2025-2026\/","name":"NAB\u00d3R - Niepubliczne Przedszkole S\u0142oneczko","isPartOf":{"@id":"https:\/\/sloneczkobb.pl\/#website"},"datePublished":"2022-01-03T11:11:29+00:00","dateModified":"2026-02-27T09:29:12+00:00","breadcrumb":{"@id":"https:\/\/sloneczkobb.pl\/index.php\/nabor-na-rok-szkolny-2025-2026\/#breadcrumb"},"inLanguage":"pl-PL","potentialAction":[{"@type":"ReadAction","target":["https:\/\/sloneczkobb.pl\/index.php\/nabor-na-rok-szkolny-2025-2026\/"]}]},{"@type":"BreadcrumbList","@id":"https:\/\/sloneczkobb.pl\/index.php\/nabor-na-rok-szkolny-2025-2026\/#breadcrumb","itemListElement":[{"@type":"ListItem","position":1,"name":"Start","item":"https:\/\/sloneczkobb.pl\/"},{"@type":"ListItem","position":2,"name":"NAB\u00d3R"}]},{"@type":"WebSite","@id":"https:\/\/sloneczkobb.pl\/#website","url":"https:\/\/sloneczkobb.pl\/","name":"Niepubliczne Przedszkole S\u0142oneczko","description":"S\u0142oneczko \u015bwieci dla ma\u0142ych dzieci","potentialAction":[{"@type":"SearchAction","target":{"@type":"EntryPoint","urlTemplate":"https:\/\/sloneczkobb.pl\/?s={search_term_string}"},"query-input":"required name=search_term_string"}],"inLanguage":"pl-PL"}]}},"_links":{"self":[{"href":"https:\/\/sloneczkobb.pl\/index.php\/wp-json\/wp\/v2\/pages\/47","targetHints":{"allow":["GET"]}}],"collection":[{"href":"https:\/\/sloneczkobb.pl\/index.php\/wp-json\/wp\/v2\/pages"}],"about":[{"href":"https:\/\/sloneczkobb.pl\/index.php\/wp-json\/wp\/v2\/types\/page"}],"author":[{"embeddable":true,"href":"https:\/\/sloneczkobb.pl\/index.php\/wp-json\/wp\/v2\/users\/1"}],"replies":[{"embeddable":true,"href":"https:\/\/sloneczkobb.pl\/index.php\/wp-json\/wp\/v2\/comments?post=47"}],"version-history":[{"count":36,"href":"https:\/\/sloneczkobb.pl\/index.php\/wp-json\/wp\/v2\/pages\/47\/revisions"}],"predecessor-version":[{"id":1031,"href":"https:\/\/sloneczkobb.pl\/index.php\/wp-json\/wp\/v2\/pages\/47\/revisions\/1031"}],"wp:attachment":[{"href":"https:\/\/sloneczkobb.pl\/index.php\/wp-json\/wp\/v2\/media?parent=47"}],"curies":[{"name":"wp","href":"https:\/\/api.w.org\/{rel}","templated":true}]}}